{"id":116,"date":"2023-03-22T14:14:28","date_gmt":"2023-03-22T17:14:28","guid":{"rendered":"https:\/\/prova6.microsenioracademy.com.br\/?page_id=116"},"modified":"2023-03-22T14:28:17","modified_gmt":"2023-03-22T17:28:17","slug":"rastreamento-padrao","status":"publish","type":"page","link":"https:\/\/logsales.com.br\/?page_id=116","title":{"rendered":"Rastreamento Padr\u00e3o"},"content":{"rendered":"<p>[et_pb_section fb_built=&#8221;1&#8243; theme_builder_area=&#8221;post_content&#8221; _builder_version=&#8221;4.20.2&#8243; _module_preset=&#8221;default&#8221; title_text=&#8221;back-pages&#8221; background_image=&#8221;https:\/\/logsales.com.br\/wp-content\/uploads\/2023\/03\/back-pages.png&#8221; custom_padding=&#8221;||||true&#8221; hover_enabled=&#8221;0&#8243; sticky_enabled=&#8221;0&#8243; max_width=&#8221;1950px&#8221; module_alignment=&#8221;center&#8221;][et_pb_row _builder_version=&#8221;4.20.2&#8243; _module_preset=&#8221;default&#8221; theme_builder_area=&#8221;post_content&#8221; custom_margin=&#8221;201px|auto||auto|false|false&#8221; hover_enabled=&#8221;0&#8243; sticky_enabled=&#8221;0&#8243;][et_pb_column _builder_version=&#8221;4.20.2&#8243; _module_preset=&#8221;default&#8221; type=&#8221;4_4&#8243; theme_builder_area=&#8221;post_content&#8221;][et_pb_post_title _builder_version=&#8221;4.20.2&#8243; _module_preset=&#8221;default&#8221; theme_builder_area=&#8221;post_content&#8221; meta=&#8221;off&#8221; featured_image=&#8221;off&#8221; text_orientation=&#8221;center&#8221; title_text_color=&#8221;#FFFFFF&#8221; hover_enabled=&#8221;0&#8243; sticky_enabled=&#8221;0&#8243;][\/et_pb_post_title][et_pb_text _builder_version=&#8221;4.20.2&#8243; _module_preset=&#8221;default&#8221; theme_builder_area=&#8221;post_content&#8221; text_text_color=&#8221;#FFFFFF&#8221; text_orientation=&#8221;center&#8221; hover_enabled=&#8221;0&#8243; sticky_enabled=&#8221;0&#8243;]<\/p>\n<p><span>O rastreamento padr\u00e3o \u00e9 feito pelo n\u00famero da Nota Fiscal da mercadoria e o remetente emissor. Se voc\u00ea det\u00e9m esses dados, utilize o formul\u00e1rio abaixo.\u00a0Caso queira outras op\u00e7\u00f5es de rastreamento, navegue pelo menu.<\/span><\/p>\n<p>[\/et_pb_text][\/et_pb_column][\/et_pb_row][\/et_pb_section][et_pb_section fb_built=&#8221;1&#8243; theme_builder_area=&#8221;post_content&#8221; _builder_version=&#8221;4.20.2&#8243; _module_preset=&#8221;default&#8221; max_width=&#8221;1950px&#8221; module_alignment=&#8221;center&#8221; hover_enabled=&#8221;0&#8243; sticky_enabled=&#8221;0&#8243; custom_padding=&#8221;2px|||||&#8221;][et_pb_row _builder_version=&#8221;4.20.2&#8243; _module_preset=&#8221;default&#8221; theme_builder_area=&#8221;post_content&#8221;][et_pb_column _builder_version=&#8221;4.20.2&#8243; _module_preset=&#8221;default&#8221; type=&#8221;4_4&#8243; theme_builder_area=&#8221;post_content&#8221;][et_pb_text _builder_version=&#8221;4.20.2&#8243; _module_preset=&#8221;default&#8221; theme_builder_area=&#8221;post_content&#8221; text_orientation=&#8221;center&#8221; hover_enabled=&#8221;0&#8243; sticky_enabled=&#8221;0&#8243;]<\/p>\n<p><span>Obs: \u00c9 poss\u00edvel informar mais de uma Nota Fiscal, digitando-a no espa\u00e7o a baixo e pressionando Enter.<\/span><\/p>\n<p><span>Nota: As NFs necessitam ser do mesmo Remetente<\/span><\/p>\n<p>[\/et_pb_text][et_pb_code _builder_version=&#8221;4.20.2&#8243; _module_preset=&#8221;default&#8221; theme_builder_area=&#8221;post_content&#8221; hover_enabled=&#8221;0&#8243; sticky_enabled=&#8221;0&#8243;]<script language=JavaScript><!-- [et_pb_line_break_holder] -->function Limpar1()<!-- [et_pb_line_break_holder] -->{<!-- [et_pb_line_break_holder] -->  document.form1.reset();<!-- [et_pb_line_break_holder] -->  document.form1.NR.focus();<!-- [et_pb_line_break_holder] -->}<!-- [et_pb_line_break_holder] --><!-- [et_pb_line_break_holder] -->function Vai1()<!-- [et_pb_line_break_holder] -->{<!-- [et_pb_line_break_holder] -->  if (document.form1.cnpj.value == \"\")<!-- [et_pb_line_break_holder] -->  {<!-- [et_pb_line_break_holder] -->    alert(\"Informe o CNPJ do remetente.\");<!-- [et_pb_line_break_holder] -->    return;<!-- [et_pb_line_break_holder] -->  }<!-- [et_pb_line_break_holder] -->  if (document.form1.NR.value == \"\")<!-- [et_pb_line_break_holder] -->  {<!-- [et_pb_line_break_holder] -->    alert(\"Informe pelo menos uma Nota Fiscal.\");<!-- [et_pb_line_break_holder] -->    return;<!-- [et_pb_line_break_holder] -->  }<!-- [et_pb_line_break_holder] -->  document.form1.submit();<!-- [et_pb_line_break_holder] -->}<!-- [et_pb_line_break_holder] --><!-- [et_pb_line_break_holder] --><\/script><!-- [et_pb_line_break_holder] --><!-- [et_pb_line_break_holder] --><\/p>\n<form name=form1 action=https:\/\/ssw.inf.br\/2\/ssw_resultSSW method=post><!-- [et_pb_line_break_holder] --><!-- [et_pb_line_break_holder] --><\/p>\n<table cellSpacing=2 cellPadding=2 width=\"100%\" border=0><!-- [et_pb_line_break_holder] -->  <\/p>\n<tr><!-- [et_pb_line_break_holder] -->    <\/p>\n<td width=200>Notas Fiscais:<\/TD><!-- [et_pb_line_break_holder] -->    <\/p>\n<td><!-- [et_pb_line_break_holder] -->      <textarea name=NR rows=10 cols=30><\/textarea><!-- [et_pb_line_break_holder] -->    <\/td>\n<p><!-- [et_pb_line_break_holder] -->  <\/tr>\n<p><!-- [et_pb_line_break_holder] -->  <\/p>\n<tr><!-- [et_pb_line_break_holder] -->    <\/p>\n<td>CNPJ do Remetente:<\/td>\n<p><!-- [et_pb_line_break_holder] -->    <\/p>\n<td class=\"cnpj\" ><INPUT maxLength=14 name=cnpj><\/td>\n<\/tr>\n<p><!-- [et_pb_line_break_holder] -->  <\/p>\n<tr><!-- [et_pb_line_break_holder] -->    <\/p>\n<td>\u00a0<\/td>\n<p><!-- [et_pb_line_break_holder] -->    <\/p>\n<td><!-- [et_pb_line_break_holder] -->          <input type=\"submit\" value=\"Enviar\" \/><!-- [et_pb_line_break_holder] -->          <input type=\"reset\" value=\"Limpar\" \/><!-- [et_pb_line_break_holder] -->    <\/td>\n<p><!-- [et_pb_line_break_holder] -->  <\/tr>\n<p><!-- [et_pb_line_break_holder] --><!-- [et_pb_line_break_holder] -->  <input type=\"hidden\" name=\"urlori\" value=\"https:\/\/logsales.com.br\/peloremetente\"><!-- [et_pb_line_break_holder] --><\/table>\n<p><!-- [et_pb_line_break_holder] --><!-- [et_pb_line_break_holder] --><\/form>\n<p><!-- [et_pb_line_break_holder] --><!-- [et_pb_line_break_holder] -->\t<\/p>\n<style><!-- [et_pb_line_break_holder] -->\t\tbody {<!-- [et_pb_line_break_holder] -->\t\t\tbackground-color: #f2f2f2;<!-- [et_pb_line_break_holder] -->\t\t\tfont-family: Arial, sans-serif;<!-- [et_pb_line_break_holder] -->\t\t}<!-- [et_pb_line_break_holder] -->\t\th1 {<!-- [et_pb_line_break_holder] -->\t\t\ttext-align: center;<!-- [et_pb_line_break_holder] -->\t\t\tcolor: #ab2d0f;<!-- [et_pb_line_break_holder] -->\t\t}<!-- [et_pb_line_break_holder] -->\t\tform {<!-- [et_pb_line_break_holder] -->      background-color: #f7f7f7;<!-- [et_pb_line_break_holder] -->\t\t\tborder-radius: 5px;<!-- [et_pb_line_break_holder] -->\t\t\tpadding: 20px;<!-- [et_pb_line_break_holder] -->\t\t\tmax-width: 600px;<!-- [et_pb_line_break_holder] -->\t\t\tmargin: 0 auto;<!-- [et_pb_line_break_holder] -->\t\t\tbox-shadow: 0px 0px 10px rgba(0,0,0,0.2);<!-- [et_pb_line_break_holder] -->\t\t}<!-- [et_pb_line_break_holder] -->\t\tlabel {<!-- [et_pb_line_break_holder] -->\t\t\tdisplay: block;<!-- [et_pb_line_break_holder] -->\t\t\tmargin-bottom: 10px;<!-- [et_pb_line_break_holder] -->\t\t\tcolor: #333;<!-- [et_pb_line_break_holder] -->\t\t\tfont-weight: bold;<!-- [et_pb_line_break_holder] -->\t\t}<!-- [et_pb_line_break_holder] -->\t\tinput[type=\"submit\"], input[type=\"reset\"] {<!-- [et_pb_line_break_holder] -->\t\t\tbackground-color: #ab2d10;<!-- [et_pb_line_break_holder] -->\t\t\tcolor: #fff;<!-- [et_pb_line_break_holder] -->\t\t\tborder: none;<!-- [et_pb_line_break_holder] -->\t\t\tborder-radius: 50px;<!-- [et_pb_line_break_holder] -->\t\t\tpadding: 15px 50px;<!-- [et_pb_line_break_holder] -->\t\t\tcursor: pointer;<!-- [et_pb_line_break_holder] -->\t\t\tmargin-right: 10px;<!-- [et_pb_line_break_holder] -->\t\t\ttransition: background-color 0.3s ease;<!-- [et_pb_line_break_holder] -->\t\t\tbox-shadow: 0px 5px 10px rgba(0,0,0,0.3);<!-- [et_pb_line_break_holder] -->\t\t}<!-- [et_pb_line_break_holder] -->\t\tinput[type=\"reset\"] {<!-- [et_pb_line_break_holder] -->\t\t\tbackground-color: #0c3e6d;<!-- [et_pb_line_break_holder] -->\t\t}<!-- [et_pb_line_break_holder] -->\t\tinput[type=\"submit\"]:hover, input[type=\"reset\"]:hover {<!-- [et_pb_line_break_holder] -->\t\t\tbackground-color: #afafaf;<!-- [et_pb_line_break_holder] -->\t\t}<!-- [et_pb_line_break_holder] -->\t\ttextarea {<!-- [et_pb_line_break_holder] -->\t\t\tdisplay: block;<!-- [et_pb_line_break_holder] -->\t\t\twidth: 100%;<!-- [et_pb_line_break_holder] -->\t\t\tpadding: 10px;<!-- [et_pb_line_break_holder] -->\t\t\tborder-radius: 5px;<!-- [et_pb_line_break_holder] -->\t\t\tborder: 1px solid #ccc;<!-- [et_pb_line_break_holder] -->\t\t\tresize: vertical;<!-- [et_pb_line_break_holder] -->\t\t\tmin-height: 150px;<!-- [et_pb_line_break_holder] -->\t\t}<!-- [et_pb_line_break_holder] -->    td.cnpj input {<!-- [et_pb_line_break_holder] -->  width: 100%;<!-- [et_pb_line_break_holder] -->}<!-- [et_pb_line_break_holder] -->\t<\/style>\n<p>\t[\/et_pb_code][\/et_pb_column][\/et_pb_row][\/et_pb_section]<\/p>\n","protected":false},"excerpt":{"rendered":"<p>O rastreamento padr\u00e3o \u00e9 feito pelo n\u00famero da Nota Fiscal da mercadoria e o remetente emissor. Se voc\u00ea det\u00e9m esses dados, utilize o formul\u00e1rio abaixo.\u00a0Caso queira outras op\u00e7\u00f5es de rastreamento, navegue pelo menu.Obs: \u00c9 poss\u00edvel informar mais de uma Nota Fiscal, digitando-a no espa\u00e7o a baixo e pressionando Enter. Nota: As NFs necessitam ser do [&hellip;]<\/p>\n","protected":false},"author":2,"featured_media":0,"parent":0,"menu_order":0,"comment_status":"closed","ping_status":"closed","template":"","meta":{"_et_pb_use_builder":"on","_et_pb_old_content":"","_et_gb_content_width":"","_joinchat":[],"footnotes":""},"class_list":["post-116","page","type-page","status-publish","hentry"],"_links":{"self":[{"href":"https:\/\/logsales.com.br\/index.php?rest_route=\/wp\/v2\/pages\/116","targetHints":{"allow":["GET"]}}],"collection":[{"href":"https:\/\/logsales.com.br\/index.php?rest_route=\/wp\/v2\/pages"}],"about":[{"href":"https:\/\/logsales.com.br\/index.php?rest_route=\/wp\/v2\/types\/page"}],"author":[{"embeddable":true,"href":"https:\/\/logsales.com.br\/index.php?rest_route=\/wp\/v2\/users\/2"}],"replies":[{"embeddable":true,"href":"https:\/\/logsales.com.br\/index.php?rest_route=%2Fwp%2Fv2%2Fcomments&post=116"}],"version-history":[{"count":0,"href":"https:\/\/logsales.com.br\/index.php?rest_route=\/wp\/v2\/pages\/116\/revisions"}],"wp:attachment":[{"href":"https:\/\/logsales.com.br\/index.php?rest_route=%2Fwp%2Fv2%2Fmedia&parent=116"}],"curies":[{"name":"wp","href":"https:\/\/api.w.org\/{rel}","templated":true}]}}