{"id":150,"date":"2023-03-22T15:24:49","date_gmt":"2023-03-22T18:24:49","guid":{"rendered":"https:\/\/prova6.microsenioracademy.com.br\/?page_id=150"},"modified":"2023-03-22T15:26:29","modified_gmt":"2023-03-22T18:26:29","slug":"rastreamento-pelo-pagador-do-frete-30-dias","status":"publish","type":"page","link":"https:\/\/logsales.com.br\/?page_id=150","title":{"rendered":"Rastreamento pelo Pagador do Frete &#8211; 30 Dias"},"content":{"rendered":"<p>[et_pb_section fb_built=&#8221;1&#8243; _builder_version=&#8221;4.20.2&#8243; _module_preset=&#8221;default&#8221; background_image=&#8221;https:\/\/logsales.com.br\/wp-content\/uploads\/2023\/03\/back-pages.png&#8221; max_width=&#8221;1950px&#8221; module_alignment=&#8221;center&#8221; custom_padding=&#8221;||||true&#8221; global_colors_info=&#8221;{}&#8221; theme_builder_area=&#8221;post_content&#8221;][et_pb_row _builder_version=&#8221;4.20.2&#8243; _module_preset=&#8221;default&#8221; custom_margin=&#8221;201px|auto||auto|false|false&#8221; global_colors_info=&#8221;{}&#8221; theme_builder_area=&#8221;post_content&#8221;][et_pb_column type=&#8221;4_4&#8243; _builder_version=&#8221;4.20.2&#8243; _module_preset=&#8221;default&#8221; global_colors_info=&#8221;{}&#8221; theme_builder_area=&#8221;post_content&#8221;][et_pb_post_title meta=&#8221;off&#8221; featured_image=&#8221;off&#8221; _builder_version=&#8221;4.20.2&#8243; _module_preset=&#8221;default&#8221; title_text_color=&#8221;#FFFFFF&#8221; text_orientation=&#8221;center&#8221; global_colors_info=&#8221;{}&#8221; theme_builder_area=&#8221;post_content&#8221;][\/et_pb_post_title][et_pb_text _builder_version=&#8221;4.20.2&#8243; _module_preset=&#8221;default&#8221; text_text_color=&#8221;#FFFFFF&#8221; text_orientation=&#8221;center&#8221; hover_enabled=&#8221;0&#8243; global_colors_info=&#8221;{}&#8221; theme_builder_area=&#8221;post_content&#8221; sticky_enabled=&#8221;0&#8243;]<\/p>\n<p>Se voc\u00ea ou sua empresa \u00e9 o respons\u00e1vel pelo pagamento do frete junto a transportadora e deseja rastrear mercadorias pelo per\u00edodo de at\u00e9 30 dias, informe os dados solicitados nesta p\u00e1gina e obtenha a lista de Notas Fiscais do per\u00edodo:<\/p>\n<p>&nbsp;<\/p>\n<p>[\/et_pb_text][\/et_pb_column][\/et_pb_row][\/et_pb_section][et_pb_section fb_built=&#8221;1&#8243; _builder_version=&#8221;4.20.2&#8243; _module_preset=&#8221;default&#8221; max_width=&#8221;1950px&#8221; module_alignment=&#8221;center&#8221; custom_padding=&#8221;2px|||||&#8221; global_colors_info=&#8221;{}&#8221; theme_builder_area=&#8221;post_content&#8221;][et_pb_row _builder_version=&#8221;4.20.2&#8243; _module_preset=&#8221;default&#8221; global_colors_info=&#8221;{}&#8221; theme_builder_area=&#8221;post_content&#8221;][et_pb_column type=&#8221;4_4&#8243; _builder_version=&#8221;4.20.2&#8243; _module_preset=&#8221;default&#8221; global_colors_info=&#8221;{}&#8221; theme_builder_area=&#8221;post_content&#8221;][et_pb_text _builder_version=&#8221;4.20.2&#8243; _module_preset=&#8221;default&#8221; text_text_color=&#8221;#E02B20&#8243; text_orientation=&#8221;center&#8221; global_colors_info=&#8221;{}&#8221; theme_builder_area=&#8221;post_content&#8221;]<\/p>\n<section id=\"200a1a90-b089-44fc-8d23-c9cfd3b1f138\" class=\"cs-section\">\n<div class=\"cs-section-inner\">\n<div class=\"cs-lines\">\n<div id=\"9235fff4-2092-45ab-ac2c-e4cab9be9ead\" class=\"cs-line\">\n<div class=\"cs-boxes\">\n<div id=\"c7e70b9c-76af-4cfc-b077-16de1617e408\" class=\"cs-box\">\n<div class=\"cs-widgets\">\n<div id=\"98236439-cd07-4c97-9849-f546142fa1f3\" class=\"cs-widget cs-text-widget\">\n<div class=\"text-editor\">\n<p><span><strong>ATEN\u00c7\u00c3O:<\/strong>\u00a0Solicite a senha com o seu Representante.\u00a0Somente os \u00faltimos 30 dias ser\u00e3o listados.<\/span><\/p>\n<\/div>\n<\/div>\n<\/div>\n<\/div>\n<\/div>\n<\/div>\n<\/div>\n<\/div>\n<\/section>\n<footer id=\"7a720b3d-d401-4ccd-a348-6349b028a206\" class=\"cs-section cs-section-full cs-section-vertical\">\n<div class=\"cs-section-inner\">\n<div class=\"cs-lines\">\n<div id=\"cd6bc0c8-9367-4ac6-9473-67a5e2205bc4\" class=\"cs-line\">\n<div class=\"cs-boxes\">\n<div id=\"585e2ec7-d7ac-4eb3-ad44-349e96ade0aa\" class=\"cs-box\">\n<div class=\"cs-widgets\">\n<div id=\"d969b751-4fec-454c-ba3e-f4d6c9924f21\" class=\"cs-widget cs-text-widget\">\n<div class=\"text-editor\"><\/div>\n<\/div>\n<\/div>\n<\/div>\n<\/div>\n<\/div>\n<\/div>\n<\/div>\n<\/footer>\n<p>[\/et_pb_text][et_pb_code _builder_version=&#8221;4.20.2&#8243; _module_preset=&#8221;default&#8221; hover_enabled=&#8221;0&#8243; global_colors_info=&#8221;{}&#8221; theme_builder_area=&#8221;post_content&#8221; sticky_enabled=&#8221;0&#8243;]<script language=JavaScript><!-- [et_pb_line_break_holder] --><!-- [et_pb_line_break_holder] -->function Limpar2()<!-- [et_pb_line_break_holder] -->{<!-- [et_pb_line_break_holder] -->  document.form2.reset();<!-- [et_pb_line_break_holder] -->  document.form2.cnpjpag.focus();<!-- [et_pb_line_break_holder] -->}<!-- [et_pb_line_break_holder] --><!-- [et_pb_line_break_holder] -->function Vai2()<!-- [et_pb_line_break_holder] -->{<!-- [et_pb_line_break_holder] -->  if (document.form2.cnpjpag.value == \"\")<!-- [et_pb_line_break_holder] -->  {<!-- [et_pb_line_break_holder] -->    alert(\"Informe o CNPJ do pagador\");<!-- [et_pb_line_break_holder] -->    return;<!-- [et_pb_line_break_holder] -->  }<!-- [et_pb_line_break_holder] -->  if ((document.form2.cnpjpag.value.length > 11) && (document.form2.senha.value == \"\"))<!-- [et_pb_line_break_holder] -->  {<!-- [et_pb_line_break_holder] -->    alert(\"Informe a Senha.\");<!-- [et_pb_line_break_holder] -->    return;<!-- [et_pb_line_break_holder] -->  }<!-- [et_pb_line_break_holder] -->  document.form2.submit();<!-- [et_pb_line_break_holder] -->}<!-- [et_pb_line_break_holder] --><!-- [et_pb_line_break_holder] --><\/script><!-- [et_pb_line_break_holder] --><!-- [et_pb_line_break_holder] --><\/p>\n<form name=\"form2\" action=\"https:\/\/ssw.inf.br\/2\/ssw_resultSSW_pag\" method=\"POST\"><!-- [et_pb_line_break_holder] --><!-- [et_pb_line_break_holder] --><\/p>\n<table width=\"100%\" border=\"0\" cellpadding=\"2\" cellspacing=\"2\"><!-- [et_pb_line_break_holder] -->  <\/p>\n<tr> <!-- [et_pb_line_break_holder] -->    <\/p>\n<td width=\"200\">CNPJ do Pagador:<\/td>\n<p><!-- [et_pb_line_break_holder] -->    <\/p>\n<td width=\"1136\"><!-- [et_pb_line_break_holder] -->    <input type=text maxlength=14 name=cnpjpag value=''><!-- [et_pb_line_break_holder] -->    <\/td>\n<p><!-- [et_pb_line_break_holder] -->  <\/tr>\n<p><!-- [et_pb_line_break_holder] -->  <\/p>\n<tr> <!-- [et_pb_line_break_holder] -->    <\/p>\n<td>Senha:<\/td>\n<p><!-- [et_pb_line_break_holder] -->    <\/p>\n<td><!-- [et_pb_line_break_holder] -->    <input type=password maxlength=8 name=senha value=''><!-- [et_pb_line_break_holder] -->    <\/td>\n<p><!-- [et_pb_line_break_holder] -->  <\/tr>\n<p><!-- [et_pb_line_break_holder] -->  <\/p>\n<tr><!-- [et_pb_line_break_holder] -->    <\/p>\n<td>\u00a0<\/td>\n<p><!-- [et_pb_line_break_holder] -->    <\/p>\n<td><!-- [et_pb_line_break_holder] -->          <input type=\"submit\" value=\"Enviar\" \/><!-- [et_pb_line_break_holder] -->          <input type=\"reset\" value=\"Limpar\" \/><!-- [et_pb_line_break_holder] -->    <\/td>\n<p><!-- [et_pb_line_break_holder] -->  <\/tr>\n<p><!-- [et_pb_line_break_holder] --><\/table>\n<p><!-- [et_pb_line_break_holder] --><!-- [et_pb_line_break_holder] --><input type=\"hidden\" name=\"urlori\" value=\"https:\/\/logsales.com.br\/pelopagadordofrete30dias\"><!-- [et_pb_line_break_holder] --><!-- [et_pb_line_break_holder] --><\/form>\n<p><!-- [et_pb_line_break_holder] --><!-- [et_pb_line_break_holder] --><!-- [et_pb_line_break_holder] --><!-- [et_pb_line_break_holder] --><!-- [et_pb_line_break_holder] --><!-- [et_pb_line_break_holder] -->  <\/p>\n<style><!-- [et_pb_line_break_holder] -->    body {<!-- [et_pb_line_break_holder] -->      font-family: Arial, sans-serif;<!-- [et_pb_line_break_holder] -->    }<!-- [et_pb_line_break_holder] -->    form {<!-- [et_pb_line_break_holder] -->      width: 50%;<!-- [et_pb_line_break_holder] -->      margin: auto;<!-- [et_pb_line_break_holder] -->      background-color: #f7f7f7;<!-- [et_pb_line_break_holder] -->      border: 1px solid #ccc;<!-- [et_pb_line_break_holder] -->      padding: 20px;<!-- [et_pb_line_break_holder] -->      box-sizing: border-box;<!-- [et_pb_line_break_holder] -->      border-radius: 5px;<!-- [et_pb_line_break_holder] -->    }<!-- [et_pb_line_break_holder] -->    table {<!-- [et_pb_line_break_holder] -->      width: 100%;<!-- [et_pb_line_break_holder] -->      border-collapse: collapse;<!-- [et_pb_line_break_holder] -->      margin-bottom: 10px;<!-- [et_pb_line_break_holder] -->    }<!-- [et_pb_line_break_holder] -->    td {<!-- [et_pb_line_break_holder] -->      padding: 5px;<!-- [et_pb_line_break_holder] -->      border: 1px solid #ccc;<!-- [et_pb_line_break_holder] -->      font-size: 14px;<!-- [et_pb_line_break_holder] -->    }<!-- [et_pb_line_break_holder] -->    input[type=\"text\"], input[type=\"password\"] {<!-- [et_pb_line_break_holder] -->      padding: 5px;<!-- [et_pb_line_break_holder] -->      border-radius: 5px;<!-- [et_pb_line_break_holder] -->      border: none;<!-- [et_pb_line_break_holder] -->      background-color: #f2f2f2;<!-- [et_pb_line_break_holder] -->      width: 100%;<!-- [et_pb_line_break_holder] -->    }<!-- [et_pb_line_break_holder] -->    input[type=\"submit\"], input[type=\"reset\"] {<!-- [et_pb_line_break_holder] -->      background-color: #4CAF50;<!-- [et_pb_line_break_holder] -->      color: white;<!-- [et_pb_line_break_holder] -->      padding: 10px 20px;<!-- [et_pb_line_break_holder] -->      border: none;<!-- [et_pb_line_break_holder] -->      border-radius: 5px;<!-- [et_pb_line_break_holder] -->      cursor: pointer;<!-- [et_pb_line_break_holder] -->    }<!-- [et_pb_line_break_holder] -->    input[type=\"submit\"]:hover, input[type=\"reset\"]:hover {<!-- [et_pb_line_break_holder] -->      background-color: #2E8B57;<!-- [et_pb_line_break_holder] -->    }<!-- [et_pb_line_break_holder] -->  <\/style>\n<p>[\/et_pb_code][\/et_pb_column][\/et_pb_row][\/et_pb_section]<\/p>\n","protected":false},"excerpt":{"rendered":"<p>Se voc\u00ea ou sua empresa \u00e9 o respons\u00e1vel pelo pagamento do frete junto a transportadora e deseja rastrear mercadorias pelo per\u00edodo de at\u00e9 30 dias, informe os dados solicitados nesta p\u00e1gina e obtenha a lista de Notas Fiscais do per\u00edodo: &nbsp; ATEN\u00c7\u00c3O:\u00a0Solicite a senha com o seu Representante.\u00a0Somente os \u00faltimos 30 dias ser\u00e3o listados.<\/p>\n","protected":false},"author":2,"featured_media":0,"parent":0,"menu_order":0,"comment_status":"closed","ping_status":"closed","template":"","meta":{"_et_pb_use_builder":"on","_et_pb_old_content":"","_et_gb_content_width":"","_joinchat":[],"footnotes":""},"class_list":["post-150","page","type-page","status-publish","hentry"],"_links":{"self":[{"href":"https:\/\/logsales.com.br\/index.php?rest_route=\/wp\/v2\/pages\/150","targetHints":{"allow":["GET"]}}],"collection":[{"href":"https:\/\/logsales.com.br\/index.php?rest_route=\/wp\/v2\/pages"}],"about":[{"href":"https:\/\/logsales.com.br\/index.php?rest_route=\/wp\/v2\/types\/page"}],"author":[{"embeddable":true,"href":"https:\/\/logsales.com.br\/index.php?rest_route=\/wp\/v2\/users\/2"}],"replies":[{"embeddable":true,"href":"https:\/\/logsales.com.br\/index.php?rest_route=%2Fwp%2Fv2%2Fcomments&post=150"}],"version-history":[{"count":0,"href":"https:\/\/logsales.com.br\/index.php?rest_route=\/wp\/v2\/pages\/150\/revisions"}],"wp:attachment":[{"href":"https:\/\/logsales.com.br\/index.php?rest_route=%2Fwp%2Fv2%2Fmedia&parent=150"}],"curies":[{"name":"wp","href":"https:\/\/api.w.org\/{rel}","templated":true}]}}