{"id":184,"date":"2023-03-23T10:31:53","date_gmt":"2023-03-23T13:31:53","guid":{"rendered":"https:\/\/prova6.microsenioracademy.com.br\/?page_id=184"},"modified":"2023-03-31T16:05:09","modified_gmt":"2023-03-31T19:05:09","slug":"supermercadista","status":"publish","type":"page","link":"https:\/\/logsales.com.br\/?page_id=184","title":{"rendered":"Supermercadista"},"content":{"rendered":"<p>[et_pb_section fb_built=&#8221;1&#8243; _builder_version=&#8221;4.20.2&#8243; _module_preset=&#8221;default&#8221; background_image=&#8221;https:\/\/logsales.com.br\/wp-content\/uploads\/2023\/03\/back-pages.png&#8221; max_width=&#8221;1950px&#8221; module_alignment=&#8221;center&#8221; custom_padding=&#8221;||||true&#8221; global_colors_info=&#8221;{}&#8221;][et_pb_row _builder_version=&#8221;4.20.2&#8243; _module_preset=&#8221;default&#8221; global_colors_info=&#8221;{}&#8221;][et_pb_column type=&#8221;4_4&#8243; _builder_version=&#8221;4.20.2&#8243; _module_preset=&#8221;default&#8221; global_colors_info=&#8221;{}&#8221;][et_pb_post_title meta=&#8221;off&#8221; featured_image=&#8221;off&#8221; _builder_version=&#8221;4.20.2&#8243; _module_preset=&#8221;default&#8221; title_text_color=&#8221;#FFFFFF&#8221; title_font_size=&#8221;40px&#8221; text_orientation=&#8221;center&#8221; global_colors_info=&#8221;{}&#8221;][\/et_pb_post_title][\/et_pb_column][\/et_pb_row][\/et_pb_section][et_pb_section fb_built=&#8221;1&#8243; _builder_version=&#8221;4.20.2&#8243; _module_preset=&#8221;default&#8221; max_width=&#8221;1950px&#8221; module_alignment=&#8221;center&#8221; custom_padding=&#8221;66px|||||&#8221; locked=&#8221;off&#8221; global_colors_info=&#8221;{}&#8221;][et_pb_row column_structure=&#8221;1_2,1_2&#8243; _builder_version=&#8221;4.20.2&#8243; _module_preset=&#8221;default&#8221; width=&#8221;90%&#8221; custom_padding=&#8221;0px|||||&#8221; global_colors_info=&#8221;{}&#8221;][et_pb_column type=&#8221;1_2&#8243; _builder_version=&#8221;4.20.2&#8243; _module_preset=&#8221;default&#8221; global_colors_info=&#8221;{}&#8221;][et_pb_image src=&#8221;https:\/\/logsales.com.br\/wp-content\/uploads\/2023\/03\/supermercadistas.png&#8221; title_text=&#8221;supermercadistas&#8221; force_fullwidth=&#8221;on&#8221; _builder_version=&#8221;4.20.2&#8243; _module_preset=&#8221;default&#8221; custom_margin=&#8221;||||false|false&#8221; box_shadow_style=&#8221;preset4&#8243; box_shadow_horizontal=&#8221;-33px&#8221; box_shadow_vertical=&#8221;21px&#8221; box_shadow_spread=&#8221;4px&#8221; box_shadow_color=&#8221;gcid-5c71ba50-a4e9-474f-b1c6-6419d76e1e24&#8243; global_colors_info=&#8221;{%22gcid-5c71ba50-a4e9-474f-b1c6-6419d76e1e24%22:%91%22box_shadow_color%22%93}&#8221;][\/et_pb_image][\/et_pb_column][et_pb_column type=&#8221;1_2&#8243; _builder_version=&#8221;4.20.2&#8243; _module_preset=&#8221;default&#8221; global_colors_info=&#8221;{}&#8221;][et_pb_text _builder_version=&#8221;4.20.2&#8243; _module_preset=&#8221;default&#8221; text_font=&#8221;|700|||||||&#8221; text_text_color=&#8221;gcid-5c71ba50-a4e9-474f-b1c6-6419d76e1e24&#8243; text_font_size=&#8221;39px&#8221; text_line_height=&#8221;1.3em&#8221; custom_margin=&#8221;109px||9px||false|false&#8221; global_colors_info=&#8221;{%22gcid-5c71ba50-a4e9-474f-b1c6-6419d76e1e24%22:%91%22text_text_color%22%93}&#8221;]<\/p>\n<p>S<span>upermercadistas:<\/span><\/p>\n<p>[\/et_pb_text][et_pb_divider color=&#8221;gcid-5c71ba50-a4e9-474f-b1c6-6419d76e1e24&#8243; divider_weight=&#8221;4px&#8221; _builder_version=&#8221;4.20.2&#8243; _module_preset=&#8221;default&#8221; max_width=&#8221;9%&#8221; global_colors_info=&#8221;{%22gcid-5c71ba50-a4e9-474f-b1c6-6419d76e1e24%22:%91%22color%22%93}&#8221;][\/et_pb_divider][et_pb_text _builder_version=&#8221;4.20.2&#8243; _module_preset=&#8221;default&#8221; text_font=&#8221;|300|||||||&#8221; text_font_size=&#8221;16px&#8221; custom_margin=&#8221;||29px||false|false&#8221; hover_enabled=&#8221;0&#8243; global_colors_info=&#8221;{}&#8221; sticky_enabled=&#8221;0&#8243;]<\/p>\n<p><span>Oferecemos servi\u00e7os de transporte para o varejo supermercadistas que precisam entregar seus produtos de forma r\u00e1pida e eficiente. Por isso mantemos um setor de agendamento que garante sua entrega no tempo programado. Garantimos tamb\u00e9m que nossos ve\u00edculos estejam sempre em excelente estado de conserva\u00e7\u00e3o e higieniza\u00e7\u00e3o.<\/span><\/p>\n<p>Al\u00e9m disso, a equipe \u00e9 altamente capacitada e experiente para garantir que seus produtos cheguem ao destino final no prazo estabelecido e em perfeitas condi\u00e7\u00f5es. Trabalhamos com agilidade e efici\u00eancia para atender \u00e0s suas necessidades e expectativas. Conte conosco para realizar o transporte de seus produtos com seguran\u00e7a e qualidade.<\/p>\n<p>[\/et_pb_text][et_pb_button button_url=&#8221;https:\/\/wppredirect.com\/go\/?p=5541997375888&#038;m=Ol%C3%A1%20gostaria%20de%20fazer%20uma%20cota%C3%A7%C3%A3o%21&#8243; button_text=&#8221;Fale Conosco&#8221; _builder_version=&#8221;4.20.2&#8243; _module_preset=&#8221;default&#8221; custom_button=&#8221;on&#8221; button_text_size=&#8221;17px&#8221; button_text_color=&#8221;#FFFFFF&#8221; button_bg_color=&#8221;#20bc4f&#8221; button_border_width=&#8221;0px&#8221; button_border_radius=&#8221;19px&#8221; button_letter_spacing=&#8221;1px&#8221; button_icon=&#8221;&#xf232;||fa||400&#8243; button_on_hover=&#8221;off&#8221; custom_padding=&#8221;2px|46px|2px|31px|true|false&#8221; global_module=&#8221;79&#8243; saved_tabs=&#8221;all&#8221; global_colors_info=&#8221;{}&#8221; transform_styles__hover_enabled=&#8221;on|hover&#8221; transform_scale__hover_enabled=&#8221;on|hover&#8221; transform_translate__hover_enabled=&#8221;on|desktop&#8221; transform_rotate__hover_enabled=&#8221;on|desktop&#8221; transform_skew__hover_enabled=&#8221;on|desktop&#8221; transform_origin__hover_enabled=&#8221;on|desktop&#8221; transform_scale__hover=&#8221;103%|103%&#8221;][\/et_pb_button][\/et_pb_column][\/et_pb_row][\/et_pb_section]<\/p>\n","protected":false},"excerpt":{"rendered":"<p>Supermercadistas:Oferecemos servi\u00e7os de transporte para o varejo supermercadistas que precisam entregar seus produtos de forma r\u00e1pida e eficiente. Por isso mantemos um setor de agendamento que garante sua entrega no tempo programado. Garantimos tamb\u00e9m que nossos ve\u00edculos estejam sempre em excelente estado de conserva\u00e7\u00e3o e higieniza\u00e7\u00e3o. Al\u00e9m disso, a equipe \u00e9 altamente capacitada e experiente [&hellip;]<\/p>\n","protected":false},"author":2,"featured_media":0,"parent":0,"menu_order":0,"comment_status":"closed","ping_status":"closed","template":"","meta":{"_et_pb_use_builder":"on","_et_pb_old_content":"","_et_gb_content_width":"","_joinchat":[],"footnotes":""},"class_list":["post-184","page","type-page","status-publish","hentry"],"_links":{"self":[{"href":"https:\/\/logsales.com.br\/index.php?rest_route=\/wp\/v2\/pages\/184","targetHints":{"allow":["GET"]}}],"collection":[{"href":"https:\/\/logsales.com.br\/index.php?rest_route=\/wp\/v2\/pages"}],"about":[{"href":"https:\/\/logsales.com.br\/index.php?rest_route=\/wp\/v2\/types\/page"}],"author":[{"embeddable":true,"href":"https:\/\/logsales.com.br\/index.php?rest_route=\/wp\/v2\/users\/2"}],"replies":[{"embeddable":true,"href":"https:\/\/logsales.com.br\/index.php?rest_route=%2Fwp%2Fv2%2Fcomments&post=184"}],"version-history":[{"count":0,"href":"https:\/\/logsales.com.br\/index.php?rest_route=\/wp\/v2\/pages\/184\/revisions"}],"wp:attachment":[{"href":"https:\/\/logsales.com.br\/index.php?rest_route=%2Fwp%2Fv2%2Fmedia&parent=184"}],"curies":[{"name":"wp","href":"https:\/\/api.w.org\/{rel}","templated":true}]}}